{"id":30065,"date":"2025-10-09T14:58:49","date_gmt":"2025-10-09T18:58:49","guid":{"rendered":"https:\/\/modeconfort.com\/product\/basic-t-shirt-1277\/"},"modified":"2026-04-19T23:46:48","modified_gmt":"2026-04-20T03:46:48","slug":"basic-t-shirt-1277","status":"publish","type":"product","link":"https:\/\/modeconfort.com\/en\/product\/basic-t-shirt-1277\/","title":{"rendered":"Chemise Mode Confort &#8211; Raffin\u00e9e Femme Canada"},"content":{"rendered":"<p>Imaginez-vous drap\u00e9e d&rsquo;une douceur exquise, rayonnante de confiance et d&rsquo;\u00e9l\u00e9gance naturelle.<\/p>\n<p>Cette chemise Mode Confort, au design \u00e9pur\u00e9 et intemporel, est votre alli\u00e9e parfaite pour un d\u00eener en famille, une sortie culturelle ou une promenade chic. Sa coupe pens\u00e9e pour votre bien-\u00eatre vous offre une libert\u00e9 de mouvement in\u00e9gal\u00e9e, sans compromis sur le style.<\/p>\n<p>La qualit\u00e9 Mode Confort vous assure une tenue impeccable et un entretien simplifi\u00e9. Vous appr\u00e9cierez sa coupe g\u00e9n\u00e9reuse qui sublime d\u00e9licatement votre silhouette, pour un confort qui dure toute la journ\u00e9e.<\/p>","protected":false},"excerpt":{"rendered":"<p>Pour vos sorties d\u00e9contract\u00e9es, ce t-shirt basique vous offre un confort \u00e9l\u00e9gant tout au long de la journ\u00e9e.<\/p>","protected":false},"featured_media":30086,"comment_status":"open","ping_status":"closed","template":"","meta":{"_acf_changed":false},"product_brand":[],"product_cat":[215,262,149,328,172],"product_tag":[],"class_list":{"0":"post-30065","1":"product","2":"type-product","3":"status-publish","4":"has-post-thumbnail","6":"product_cat-basic","7":"product_cat-basic-t-shirt","8":"product_cat-new-collection","9":"product_cat-liquidation","10":"product_cat-t-shirts","12":"first","13":"instock","14":"sale","15":"taxable","16":"shipping-taxable","17":"purchasable","18":"product-type-variable","19":"has-default-attributes"},"acf":[],"_links":{"self":[{"href":"https:\/\/modeconfort.com\/en\/wp-json\/wp\/v2\/product\/30065","targetHints":{"allow":["GET"]}}],"collection":[{"href":"https:\/\/modeconfort.com\/en\/wp-json\/wp\/v2\/product"}],"about":[{"href":"https:\/\/modeconfort.com\/en\/wp-json\/wp\/v2\/types\/product"}],"replies":[{"embeddable":true,"href":"https:\/\/modeconfort.com\/en\/wp-json\/wp\/v2\/comments?post=30065"}],"wp:featuredmedia":[{"embeddable":true,"href":"https:\/\/modeconfort.com\/en\/wp-json\/wp\/v2\/media\/30086"}],"wp:attachment":[{"href":"https:\/\/modeconfort.com\/en\/wp-json\/wp\/v2\/media?parent=30065"}],"wp:term":[{"taxonomy":"product_brand","embeddable":true,"href":"https:\/\/modeconfort.com\/en\/wp-json\/wp\/v2\/product_brand?post=30065"},{"taxonomy":"product_cat","embeddable":true,"href":"https:\/\/modeconfort.com\/en\/wp-json\/wp\/v2\/product_cat?post=30065"},{"taxonomy":"product_tag","embeddable":true,"href":"https:\/\/modeconfort.com\/en\/wp-json\/wp\/v2\/product_tag?post=30065"}],"curies":[{"name":"wp","href":"https:\/\/api.w.org\/{rel}","templated":true}]}}