{"id":27683,"date":"2025-10-09T14:57:56","date_gmt":"2025-10-09T18:57:56","guid":{"rendered":"https:\/\/modeconfort.com\/product\/cashmere-print-blouse-009\/"},"modified":"2026-04-15T11:32:22","modified_gmt":"2026-04-15T15:32:22","slug":"cashmere-print-blouse-009","status":"publish","type":"product","link":"https:\/\/modeconfort.com\/en\/product\/cashmere-print-blouse-009\/","title":{"rendered":"Blouse Mode Confort &#8211; Raffinu00e9e Femme Canada"},"content":{"rendered":"<p>Vous vous sentez envelopp\u00e9e d&rsquo;une douceur luxueuse, \u00e0 la fois chic et parfaitement \u00e0 l&rsquo;aise. Cette blouse Mode Confort est votre alli\u00e9e pour un d\u00eener en famille, une sortie culturelle ou une promenade \u00e9l\u00e9gante. Sa coupe fluide et son imprim\u00e9 raffin\u00e9 mettent en valeur votre silhouette mature, sans jamais la contraindre. Confectionn\u00e9e avec la qualit\u00e9 europ\u00e9enne que vous attendez, elle est aussi facile d&rsquo;entretien. Sa coupe g\u00e9n\u00e9reuse s&rsquo;adapte \u00e0 toutes les silhouettes.<\/p>","protected":false},"excerpt":{"rendered":"<p>Pour vos sorties \u00e9l\u00e9gantes, cette blouse en cachemire imprim\u00e9 vous enveloppe d&rsquo;un confort doux et raffin\u00e9.<\/p>","protected":false},"featured_media":27685,"comment_status":"open","ping_status":"closed","template":"","meta":{"_acf_changed":false},"product_brand":[],"product_cat":[171,149,328],"product_tag":[],"class_list":{"0":"post-27683","1":"product","2":"type-product","3":"status-publish","4":"has-post-thumbnail","6":"product_cat-blouses","7":"product_cat-new-collection","8":"product_cat-liquidation","10":"first","11":"instock","12":"sale","13":"taxable","14":"shipping-taxable","15":"purchasable","16":"product-type-variable","17":"has-default-attributes"},"acf":[],"_links":{"self":[{"href":"https:\/\/modeconfort.com\/en\/wp-json\/wp\/v2\/product\/27683","targetHints":{"allow":["GET"]}}],"collection":[{"href":"https:\/\/modeconfort.com\/en\/wp-json\/wp\/v2\/product"}],"about":[{"href":"https:\/\/modeconfort.com\/en\/wp-json\/wp\/v2\/types\/product"}],"replies":[{"embeddable":true,"href":"https:\/\/modeconfort.com\/en\/wp-json\/wp\/v2\/comments?post=27683"}],"wp:featuredmedia":[{"embeddable":true,"href":"https:\/\/modeconfort.com\/en\/wp-json\/wp\/v2\/media\/27685"}],"wp:attachment":[{"href":"https:\/\/modeconfort.com\/en\/wp-json\/wp\/v2\/media?parent=27683"}],"wp:term":[{"taxonomy":"product_brand","embeddable":true,"href":"https:\/\/modeconfort.com\/en\/wp-json\/wp\/v2\/product_brand?post=27683"},{"taxonomy":"product_cat","embeddable":true,"href":"https:\/\/modeconfort.com\/en\/wp-json\/wp\/v2\/product_cat?post=27683"},{"taxonomy":"product_tag","embeddable":true,"href":"https:\/\/modeconfort.com\/en\/wp-json\/wp\/v2\/product_tag?post=27683"}],"curies":[{"name":"wp","href":"https:\/\/api.w.org\/{rel}","templated":true}]}}