{"id":27636,"date":"2025-10-09T14:57:35","date_gmt":"2025-10-09T18:57:35","guid":{"rendered":"https:\/\/modeconfort.com\/product\/embroidered-shirt-666\/"},"modified":"2026-04-15T11:32:22","modified_gmt":"2026-04-15T15:32:22","slug":"embroidered-shirt-666","status":"publish","type":"product","link":"https:\/\/modeconfort.com\/en\/product\/embroidered-shirt-666\/","title":{"rendered":"Chemise Rouge Mode Confort &#8211; Raffinu00e9e Femme Canada"},"content":{"rendered":"<p>Sentez-vous \u00e9l\u00e9gante et parfaitement \u00e0 l&rsquo;aise, peu importe l&rsquo;occasion. Cette chemise Mode Confort, au tomb\u00e9 impeccable, est con\u00e7ue pour votre bien-\u00eatre. Sa coupe ample et raffin\u00e9e est id\u00e9ale pour un d\u00eener en famille, une sortie culturelle ou une promenade chic. Vous appr\u00e9cierez la qualit\u00e9 europ\u00e9enne de Mode Confort, synonyme de durabilit\u00e9 et d&rsquo;un style intemporel. Sa coupe g\u00e9n\u00e9reuse s&rsquo;adapte harmonieusement \u00e0 toutes les silhouettes et est si facile \u00e0 entretenir.<\/p>","protected":false},"excerpt":{"rendered":"<p>Pour vos d\u00e9jeuners entre amies, cette chemise brod\u00e9e vous enveloppe d&rsquo;un confort \u00e9l\u00e9gant.<\/p>","protected":false},"featured_media":27638,"comment_status":"open","ping_status":"closed","template":"","meta":{"_acf_changed":false},"product_brand":[],"product_cat":[149,328,151],"product_tag":[],"class_list":{"0":"post-27636","1":"product","2":"type-product","3":"status-publish","4":"has-post-thumbnail","6":"product_cat-new-collection","7":"product_cat-liquidation","8":"product_cat-shirts","10":"first","11":"instock","12":"sale","13":"taxable","14":"shipping-taxable","15":"purchasable","16":"product-type-variable","17":"has-default-attributes"},"acf":[],"_links":{"self":[{"href":"https:\/\/modeconfort.com\/en\/wp-json\/wp\/v2\/product\/27636","targetHints":{"allow":["GET"]}}],"collection":[{"href":"https:\/\/modeconfort.com\/en\/wp-json\/wp\/v2\/product"}],"about":[{"href":"https:\/\/modeconfort.com\/en\/wp-json\/wp\/v2\/types\/product"}],"replies":[{"embeddable":true,"href":"https:\/\/modeconfort.com\/en\/wp-json\/wp\/v2\/comments?post=27636"}],"wp:featuredmedia":[{"embeddable":true,"href":"https:\/\/modeconfort.com\/en\/wp-json\/wp\/v2\/media\/27638"}],"wp:attachment":[{"href":"https:\/\/modeconfort.com\/en\/wp-json\/wp\/v2\/media?parent=27636"}],"wp:term":[{"taxonomy":"product_brand","embeddable":true,"href":"https:\/\/modeconfort.com\/en\/wp-json\/wp\/v2\/product_brand?post=27636"},{"taxonomy":"product_cat","embeddable":true,"href":"https:\/\/modeconfort.com\/en\/wp-json\/wp\/v2\/product_cat?post=27636"},{"taxonomy":"product_tag","embeddable":true,"href":"https:\/\/modeconfort.com\/en\/wp-json\/wp\/v2\/product_tag?post=27636"}],"curies":[{"name":"wp","href":"https:\/\/api.w.org\/{rel}","templated":true}]}}